{"id":1294,"date":"2018-07-16T13:14:08","date_gmt":"2018-07-16T11:14:08","guid":{"rendered":"http:\/\/lasik-germany-dev.flow4.one\/lasik_augenlaser_methoden\/supracor-lasik\/"},"modified":"2023-04-19T13:47:58","modified_gmt":"2023-04-19T11:47:58","slug":"relex-smile","status":"publish","type":"page","link":"https:\/\/stage.lasik-germany.de\/en\/lasik-laser-eye-methods\/relex-smile\/","title":{"rendered":"ReLEx-Smile"},"content":{"rendered":"<h1><span data-sheets-value=\"{&quot;1&quot;:2,&quot;2&quot;:&quot;Standard-LASIK&quot;}\" data-sheets-userformat=\"{&quot;2&quot;:513,&quot;3&quot;:[null,0],&quot;12&quot;:0}\">Standard-LASIK<\/span><\/h1>\n","protected":false},"excerpt":{"rendered":"<p>Standard-LASIK<\/p>\n","protected":false},"author":1,"featured_media":0,"parent":1284,"menu_order":0,"comment_status":"closed","ping_status":"closed","template":"f4-page-fullwidth-modules.php","meta":{"footnotes":""},"class_list":["post-1294","page","type-page","status-publish","hentry"],"yoast_head":"<!-- This site is optimized with the Yoast SEO plugin v26.2 - https:\/\/yoast.com\/wordpress\/plugins\/seo\/ -->\n<title>ReLEx-Smile dank der Femtosekunden-Laser-Technologie<\/title>\n<meta name=\"description\" content=\"ReLEx Smile f\u00fcr die Korrektur der Fehlsichtigkeit bei Hornhautverkr\u00fcmmung bis -5 dpt und Kurzsichtigkeit bis zu -10 dpt sowie d\u00fcnner Hornhaut.\" \/>\n<meta name=\"robots\" content=\"noindex, follow, max-snippet:-1, max-image-preview:large, max-video-preview:-1\" \/>\n<meta property=\"og:locale\" content=\"en_US\" \/>\n<meta property=\"og:type\" content=\"article\" \/>\n<meta property=\"og:title\" content=\"ReLEx-Smile dank der Femtosekunden-Laser-Technologie\" \/>\n<meta property=\"og:description\" content=\"ReLEx Smile f\u00fcr die Korrektur der Fehlsichtigkeit bei Hornhautverkr\u00fcmmung bis -5 dpt und Kurzsichtigkeit bis zu -10 dpt sowie d\u00fcnner Hornhaut.\" \/>\n<meta property=\"og:url\" content=\"https:\/\/stage.lasik-germany.de\/en\/lasik-laser-eye-methods\/relex-smile\/\" \/>\n<meta property=\"og:site_name\" content=\"Lasik Germany\" \/>\n<meta property=\"article:publisher\" content=\"https:\/\/www.facebook.com\/LasikGermany\/\" \/>\n<meta property=\"article:modified_time\" content=\"2023-04-19T11:47:58+00:00\" \/>\n<meta name=\"twitter:card\" content=\"summary_large_image\" \/>\n<meta name=\"twitter:site\" content=\"@lasikgermany\" \/>\n<script type=\"application\/ld+json\" class=\"yoast-schema-graph\">{\"@context\":\"https:\/\/schema.org\",\"@graph\":[{\"@type\":\"WebPage\",\"@id\":\"https:\/\/stage.lasik-germany.de\/en\/lasik-laser-eye-methods\/relex-smile\/\",\"url\":\"https:\/\/stage.lasik-germany.de\/en\/lasik-laser-eye-methods\/relex-smile\/\",\"name\":\"ReLEx-Smile dank der Femtosekunden-Laser-Technologie\",\"isPartOf\":{\"@id\":\"https:\/\/stage.lasik-germany.de\/en\/#website\"},\"datePublished\":\"2018-07-16T11:14:08+00:00\",\"dateModified\":\"2023-04-19T11:47:58+00:00\",\"description\":\"ReLEx Smile f\u00fcr die Korrektur der Fehlsichtigkeit bei Hornhautverkr\u00fcmmung bis -5 dpt und Kurzsichtigkeit bis zu -10 dpt sowie d\u00fcnner Hornhaut.\",\"breadcrumb\":{\"@id\":\"https:\/\/stage.lasik-germany.de\/en\/lasik-laser-eye-methods\/relex-smile\/#breadcrumb\"},\"inLanguage\":\"en-US\",\"potentialAction\":[{\"@type\":\"ReadAction\",\"target\":[\"https:\/\/stage.lasik-germany.de\/en\/lasik-laser-eye-methods\/relex-smile\/\"]}]},{\"@type\":\"BreadcrumbList\",\"@id\":\"https:\/\/stage.lasik-germany.de\/en\/lasik-laser-eye-methods\/relex-smile\/#breadcrumb\",\"itemListElement\":[{\"@type\":\"ListItem\",\"position\":1,\"name\":\"Startseite\",\"item\":\"https:\/\/stage.lasik-germany.de\/en\/\"},{\"@type\":\"ListItem\",\"position\":2,\"name\":\"Methods\",\"item\":\"https:\/\/stage.lasik-germany.de\/en\/lasik-laser-eye-methods\/\"},{\"@type\":\"ListItem\",\"position\":3,\"name\":\"ReLEx-Smile\"}]},{\"@type\":\"WebSite\",\"@id\":\"https:\/\/stage.lasik-germany.de\/en\/#website\",\"url\":\"https:\/\/stage.lasik-germany.de\/en\/\",\"name\":\"Lasik Germany\",\"description\":\"F\u00fcr ein Leben ohne Sehhilfe\u200e\",\"publisher\":{\"@id\":\"https:\/\/stage.lasik-germany.de\/en\/#organization\"},\"potentialAction\":[{\"@type\":\"SearchAction\",\"target\":{\"@type\":\"EntryPoint\",\"urlTemplate\":\"https:\/\/stage.lasik-germany.de\/en\/?s={search_term_string}\"},\"query-input\":{\"@type\":\"PropertyValueSpecification\",\"valueRequired\":true,\"valueName\":\"search_term_string\"}}],\"inLanguage\":\"en-US\"},{\"@type\":\"Organization\",\"@id\":\"https:\/\/stage.lasik-germany.de\/en\/#organization\",\"name\":\"Lasik-Germany\",\"url\":\"https:\/\/stage.lasik-germany.de\/en\/\",\"logo\":{\"@type\":\"ImageObject\",\"inLanguage\":\"en-US\",\"@id\":\"https:\/\/stage.lasik-germany.de\/en\/#\/schema\/logo\/image\/\",\"url\":\"https:\/\/stage.lasik-germany.de\/wp-content\/uploads\/2018\/08\/lasik-logo-icon.png\",\"contentUrl\":\"https:\/\/stage.lasik-germany.de\/wp-content\/uploads\/2018\/08\/lasik-logo-icon.png\",\"width\":512,\"height\":512,\"caption\":\"Lasik-Germany\"},\"image\":{\"@id\":\"https:\/\/stage.lasik-germany.de\/en\/#\/schema\/logo\/image\/\"},\"sameAs\":[\"https:\/\/www.facebook.com\/LasikGermany\/\",\"https:\/\/x.com\/lasikgermany\",\"https:\/\/www.youtube.com\/user\/LasikGermany\"]}]}<\/script>\n<!-- \/ Yoast SEO plugin. -->","yoast_head_json":{"title":"ReLEx-Smile dank der Femtosekunden-Laser-Technologie","description":"ReLEx Smile f\u00fcr die Korrektur der Fehlsichtigkeit bei Hornhautverkr\u00fcmmung bis -5 dpt und Kurzsichtigkeit bis zu -10 dpt sowie d\u00fcnner Hornhaut.","robots":{"index":"noindex","follow":"follow","max-snippet":"max-snippet:-1","max-image-preview":"max-image-preview:large","max-video-preview":"max-video-preview:-1"},"og_locale":"en_US","og_type":"article","og_title":"ReLEx-Smile dank der Femtosekunden-Laser-Technologie","og_description":"ReLEx Smile f\u00fcr die Korrektur der Fehlsichtigkeit bei Hornhautverkr\u00fcmmung bis -5 dpt und Kurzsichtigkeit bis zu -10 dpt sowie d\u00fcnner Hornhaut.","og_url":"https:\/\/stage.lasik-germany.de\/en\/lasik-laser-eye-methods\/relex-smile\/","og_site_name":"Lasik Germany","article_publisher":"https:\/\/www.facebook.com\/LasikGermany\/","article_modified_time":"2023-04-19T11:47:58+00:00","twitter_card":"summary_large_image","twitter_site":"@lasikgermany","schema":{"@context":"https:\/\/schema.org","@graph":[{"@type":"WebPage","@id":"https:\/\/stage.lasik-germany.de\/en\/lasik-laser-eye-methods\/relex-smile\/","url":"https:\/\/stage.lasik-germany.de\/en\/lasik-laser-eye-methods\/relex-smile\/","name":"ReLEx-Smile dank der Femtosekunden-Laser-Technologie","isPartOf":{"@id":"https:\/\/stage.lasik-germany.de\/en\/#website"},"datePublished":"2018-07-16T11:14:08+00:00","dateModified":"2023-04-19T11:47:58+00:00","description":"ReLEx Smile f\u00fcr die Korrektur der Fehlsichtigkeit bei Hornhautverkr\u00fcmmung bis -5 dpt und Kurzsichtigkeit bis zu -10 dpt sowie d\u00fcnner Hornhaut.","breadcrumb":{"@id":"https:\/\/stage.lasik-germany.de\/en\/lasik-laser-eye-methods\/relex-smile\/#breadcrumb"},"inLanguage":"en-US","potentialAction":[{"@type":"ReadAction","target":["https:\/\/stage.lasik-germany.de\/en\/lasik-laser-eye-methods\/relex-smile\/"]}]},{"@type":"BreadcrumbList","@id":"https:\/\/stage.lasik-germany.de\/en\/lasik-laser-eye-methods\/relex-smile\/#breadcrumb","itemListElement":[{"@type":"ListItem","position":1,"name":"Startseite","item":"https:\/\/stage.lasik-germany.de\/en\/"},{"@type":"ListItem","position":2,"name":"Methods","item":"https:\/\/stage.lasik-germany.de\/en\/lasik-laser-eye-methods\/"},{"@type":"ListItem","position":3,"name":"ReLEx-Smile"}]},{"@type":"WebSite","@id":"https:\/\/stage.lasik-germany.de\/en\/#website","url":"https:\/\/stage.lasik-germany.de\/en\/","name":"Lasik Germany","description":"F\u00fcr ein Leben ohne Sehhilfe\u200e","publisher":{"@id":"https:\/\/stage.lasik-germany.de\/en\/#organization"},"potentialAction":[{"@type":"SearchAction","target":{"@type":"EntryPoint","urlTemplate":"https:\/\/stage.lasik-germany.de\/en\/?s={search_term_string}"},"query-input":{"@type":"PropertyValueSpecification","valueRequired":true,"valueName":"search_term_string"}}],"inLanguage":"en-US"},{"@type":"Organization","@id":"https:\/\/stage.lasik-germany.de\/en\/#organization","name":"Lasik-Germany","url":"https:\/\/stage.lasik-germany.de\/en\/","logo":{"@type":"ImageObject","inLanguage":"en-US","@id":"https:\/\/stage.lasik-germany.de\/en\/#\/schema\/logo\/image\/","url":"https:\/\/stage.lasik-germany.de\/wp-content\/uploads\/2018\/08\/lasik-logo-icon.png","contentUrl":"https:\/\/stage.lasik-germany.de\/wp-content\/uploads\/2018\/08\/lasik-logo-icon.png","width":512,"height":512,"caption":"Lasik-Germany"},"image":{"@id":"https:\/\/stage.lasik-germany.de\/en\/#\/schema\/logo\/image\/"},"sameAs":["https:\/\/www.facebook.com\/LasikGermany\/","https:\/\/x.com\/lasikgermany","https:\/\/www.youtube.com\/user\/LasikGermany"]}]}},"_links":{"self":[{"href":"https:\/\/stage.lasik-germany.de\/en\/wp-json\/wp\/v2\/pages\/1294","targetHints":{"allow":["GET"]}}],"collection":[{"href":"https:\/\/stage.lasik-germany.de\/en\/wp-json\/wp\/v2\/pages"}],"about":[{"href":"https:\/\/stage.lasik-germany.de\/en\/wp-json\/wp\/v2\/types\/page"}],"author":[{"embeddable":true,"href":"https:\/\/stage.lasik-germany.de\/en\/wp-json\/wp\/v2\/users\/1"}],"replies":[{"embeddable":true,"href":"https:\/\/stage.lasik-germany.de\/en\/wp-json\/wp\/v2\/comments?post=1294"}],"version-history":[{"count":2,"href":"https:\/\/stage.lasik-germany.de\/en\/wp-json\/wp\/v2\/pages\/1294\/revisions"}],"predecessor-version":[{"id":13942,"href":"https:\/\/stage.lasik-germany.de\/en\/wp-json\/wp\/v2\/pages\/1294\/revisions\/13942"}],"up":[{"embeddable":true,"href":"https:\/\/stage.lasik-germany.de\/en\/wp-json\/wp\/v2\/pages\/1284"}],"wp:attachment":[{"href":"https:\/\/stage.lasik-germany.de\/en\/wp-json\/wp\/v2\/media?parent=1294"}],"curies":[{"name":"wp","href":"https:\/\/api.w.org\/{rel}","templated":true}]}}