{"id":1214,"date":"2018-08-14T13:24:05","date_gmt":"2018-08-14T11:24:05","guid":{"rendered":"http:\/\/lasik-germany-dev.flow4.one\/erfahrungsberichte\/"},"modified":"2024-09-19T12:10:32","modified_gmt":"2024-09-19T10:10:32","slug":"patient-testimonials","status":"publish","type":"page","link":"https:\/\/stage.lasik-germany.de\/en\/patient-testimonials\/","title":{"rendered":"Patient Testimonials"},"content":{"rendered":"<h1>Unser Erfahrungsbericht zu LASIK-OPs &#8211; jahrelange Erfahrungen zahlen sich aus<\/h1>\n<p>Dass die High-Volume-Operateure der lasik germany<sup>\u00ae<\/sup> Zentren ihre langj\u00e4hrigen Erfahrungen bei Augenoperationen einbringen, ist hinl\u00e4nglich bekannt. M\u00f6chten auch Sie Ihre Fehlsichtigkeit beheben und sich von Brille oder Kontaktlinsen befreien lassen, k\u00f6nnen wir Ihnen in jedem Fall weiterhelfen. Unsere erfahrenen Chirurgen unter der \u00e4rztlichen Leitung von Dr. J\u00f6rg Fischer f\u00fchren jeweils mehr als 1.000 eigenst\u00e4ndige LASIK-Augenoperationen im Jahr durch. Wenn Sie mehr \u00fcber die LASIK-Methode erfahren wollen, rufen Sie einfach unsere kostenlose Hotline (0800 \/ 599 599 9) an und lassen Sie sich kompetent beraten.<\/p>\n","protected":false},"excerpt":{"rendered":"<p>Unser Erfahrungsbericht zu LASIK-OPs &#8211; jahrelange Erfahrungen zahlen sich aus Dass die High-Volume-Operateure der lasik germany\u00ae Zentren ihre langj\u00e4hrigen Erfahrungen bei Augenoperationen einbringen, ist hinl\u00e4nglich bekannt. M\u00f6chten auch Sie Ihre Fehlsichtigkeit beheben und sich von Brille oder Kontaktlinsen befreien lassen, k\u00f6nnen wir Ihnen in jedem Fall weiterhelfen. Unsere erfahrenen Chirurgen unter der \u00e4rztlichen Leitung von [&hellip;]<\/p>\n","protected":false},"author":6,"featured_media":0,"parent":0,"menu_order":0,"comment_status":"closed","ping_status":"closed","template":"f4-page-fullwidth-modules.php","meta":{"footnotes":""},"class_list":["post-1214","page","type-page","status-publish","hentry"],"yoast_head":"<!-- This site is optimized with the Yoast SEO plugin v26.2 - https:\/\/yoast.com\/wordpress\/plugins\/seo\/ -->\n<title>Patient Testimonials - lasik germany\u00ae<\/title>\n<meta name=\"description\" content=\"LASIK surgery \u2013 many years of experience pay off It \u2013 is well known that the high-volume operators at the lasik germany\u00ae\" \/>\n<meta name=\"robots\" content=\"noindex, follow, max-snippet:-1, max-image-preview:large, max-video-preview:-1\" \/>\n<meta property=\"og:locale\" content=\"en_US\" \/>\n<meta property=\"og:type\" content=\"article\" \/>\n<meta property=\"og:title\" content=\"Patient Testimonials - lasik germany\u00ae\" \/>\n<meta property=\"og:description\" content=\"LASIK surgery \u2013 many years of experience pay off It \u2013 is well known that the high-volume operators at the lasik germany\u00ae\" \/>\n<meta property=\"og:url\" content=\"https:\/\/stage.lasik-germany.de\/en\/patient-testimonials\/\" \/>\n<meta property=\"og:site_name\" content=\"Lasik Germany\" \/>\n<meta property=\"article:publisher\" content=\"https:\/\/www.facebook.com\/LasikGermany\/\" \/>\n<meta property=\"article:modified_time\" content=\"2024-09-19T10:10:32+00:00\" \/>\n<meta name=\"twitter:card\" content=\"summary_large_image\" \/>\n<meta name=\"twitter:site\" content=\"@lasikgermany\" \/>\n<script type=\"application\/ld+json\" class=\"yoast-schema-graph\">{\"@context\":\"https:\/\/schema.org\",\"@graph\":[{\"@type\":\"WebPage\",\"@id\":\"https:\/\/stage.lasik-germany.de\/en\/patient-testimonials\/\",\"url\":\"https:\/\/stage.lasik-germany.de\/en\/patient-testimonials\/\",\"name\":\"Patient Testimonials - lasik germany\u00ae\",\"isPartOf\":{\"@id\":\"https:\/\/stage.lasik-germany.de\/en\/#website\"},\"datePublished\":\"2018-08-14T11:24:05+00:00\",\"dateModified\":\"2024-09-19T10:10:32+00:00\",\"description\":\"LASIK surgery \u2013 many years of experience pay off It \u2013 is well known that the high-volume operators at the lasik germany\u00ae\",\"breadcrumb\":{\"@id\":\"https:\/\/stage.lasik-germany.de\/en\/patient-testimonials\/#breadcrumb\"},\"inLanguage\":\"en-US\",\"potentialAction\":[{\"@type\":\"ReadAction\",\"target\":[\"https:\/\/stage.lasik-germany.de\/en\/patient-testimonials\/\"]}]},{\"@type\":\"BreadcrumbList\",\"@id\":\"https:\/\/stage.lasik-germany.de\/en\/patient-testimonials\/#breadcrumb\",\"itemListElement\":[{\"@type\":\"ListItem\",\"position\":1,\"name\":\"Startseite\",\"item\":\"https:\/\/stage.lasik-germany.de\/en\/\"},{\"@type\":\"ListItem\",\"position\":2,\"name\":\"Patient Testimonials\"}]},{\"@type\":\"WebSite\",\"@id\":\"https:\/\/stage.lasik-germany.de\/en\/#website\",\"url\":\"https:\/\/stage.lasik-germany.de\/en\/\",\"name\":\"Lasik Germany\",\"description\":\"F\u00fcr ein Leben ohne Sehhilfe\u200e\",\"publisher\":{\"@id\":\"https:\/\/stage.lasik-germany.de\/en\/#organization\"},\"potentialAction\":[{\"@type\":\"SearchAction\",\"target\":{\"@type\":\"EntryPoint\",\"urlTemplate\":\"https:\/\/stage.lasik-germany.de\/en\/?s={search_term_string}\"},\"query-input\":{\"@type\":\"PropertyValueSpecification\",\"valueRequired\":true,\"valueName\":\"search_term_string\"}}],\"inLanguage\":\"en-US\"},{\"@type\":\"Organization\",\"@id\":\"https:\/\/stage.lasik-germany.de\/en\/#organization\",\"name\":\"Lasik-Germany\",\"url\":\"https:\/\/stage.lasik-germany.de\/en\/\",\"logo\":{\"@type\":\"ImageObject\",\"inLanguage\":\"en-US\",\"@id\":\"https:\/\/stage.lasik-germany.de\/en\/#\/schema\/logo\/image\/\",\"url\":\"https:\/\/stage.lasik-germany.de\/wp-content\/uploads\/2018\/08\/lasik-logo-icon.png\",\"contentUrl\":\"https:\/\/stage.lasik-germany.de\/wp-content\/uploads\/2018\/08\/lasik-logo-icon.png\",\"width\":512,\"height\":512,\"caption\":\"Lasik-Germany\"},\"image\":{\"@id\":\"https:\/\/stage.lasik-germany.de\/en\/#\/schema\/logo\/image\/\"},\"sameAs\":[\"https:\/\/www.facebook.com\/LasikGermany\/\",\"https:\/\/x.com\/lasikgermany\",\"https:\/\/www.youtube.com\/user\/LasikGermany\"]}]}<\/script>\n<!-- \/ Yoast SEO plugin. -->","yoast_head_json":{"title":"Patient Testimonials - lasik germany\u00ae","description":"LASIK surgery \u2013 many years of experience pay off It \u2013 is well known that the high-volume operators at the lasik germany\u00ae","robots":{"index":"noindex","follow":"follow","max-snippet":"max-snippet:-1","max-image-preview":"max-image-preview:large","max-video-preview":"max-video-preview:-1"},"og_locale":"en_US","og_type":"article","og_title":"Patient Testimonials - lasik germany\u00ae","og_description":"LASIK surgery \u2013 many years of experience pay off It \u2013 is well known that the high-volume operators at the lasik germany\u00ae","og_url":"https:\/\/stage.lasik-germany.de\/en\/patient-testimonials\/","og_site_name":"Lasik Germany","article_publisher":"https:\/\/www.facebook.com\/LasikGermany\/","article_modified_time":"2024-09-19T10:10:32+00:00","twitter_card":"summary_large_image","twitter_site":"@lasikgermany","schema":{"@context":"https:\/\/schema.org","@graph":[{"@type":"WebPage","@id":"https:\/\/stage.lasik-germany.de\/en\/patient-testimonials\/","url":"https:\/\/stage.lasik-germany.de\/en\/patient-testimonials\/","name":"Patient Testimonials - lasik germany\u00ae","isPartOf":{"@id":"https:\/\/stage.lasik-germany.de\/en\/#website"},"datePublished":"2018-08-14T11:24:05+00:00","dateModified":"2024-09-19T10:10:32+00:00","description":"LASIK surgery \u2013 many years of experience pay off It \u2013 is well known that the high-volume operators at the lasik germany\u00ae","breadcrumb":{"@id":"https:\/\/stage.lasik-germany.de\/en\/patient-testimonials\/#breadcrumb"},"inLanguage":"en-US","potentialAction":[{"@type":"ReadAction","target":["https:\/\/stage.lasik-germany.de\/en\/patient-testimonials\/"]}]},{"@type":"BreadcrumbList","@id":"https:\/\/stage.lasik-germany.de\/en\/patient-testimonials\/#breadcrumb","itemListElement":[{"@type":"ListItem","position":1,"name":"Startseite","item":"https:\/\/stage.lasik-germany.de\/en\/"},{"@type":"ListItem","position":2,"name":"Patient Testimonials"}]},{"@type":"WebSite","@id":"https:\/\/stage.lasik-germany.de\/en\/#website","url":"https:\/\/stage.lasik-germany.de\/en\/","name":"Lasik Germany","description":"F\u00fcr ein Leben ohne Sehhilfe\u200e","publisher":{"@id":"https:\/\/stage.lasik-germany.de\/en\/#organization"},"potentialAction":[{"@type":"SearchAction","target":{"@type":"EntryPoint","urlTemplate":"https:\/\/stage.lasik-germany.de\/en\/?s={search_term_string}"},"query-input":{"@type":"PropertyValueSpecification","valueRequired":true,"valueName":"search_term_string"}}],"inLanguage":"en-US"},{"@type":"Organization","@id":"https:\/\/stage.lasik-germany.de\/en\/#organization","name":"Lasik-Germany","url":"https:\/\/stage.lasik-germany.de\/en\/","logo":{"@type":"ImageObject","inLanguage":"en-US","@id":"https:\/\/stage.lasik-germany.de\/en\/#\/schema\/logo\/image\/","url":"https:\/\/stage.lasik-germany.de\/wp-content\/uploads\/2018\/08\/lasik-logo-icon.png","contentUrl":"https:\/\/stage.lasik-germany.de\/wp-content\/uploads\/2018\/08\/lasik-logo-icon.png","width":512,"height":512,"caption":"Lasik-Germany"},"image":{"@id":"https:\/\/stage.lasik-germany.de\/en\/#\/schema\/logo\/image\/"},"sameAs":["https:\/\/www.facebook.com\/LasikGermany\/","https:\/\/x.com\/lasikgermany","https:\/\/www.youtube.com\/user\/LasikGermany"]}]}},"_links":{"self":[{"href":"https:\/\/stage.lasik-germany.de\/en\/wp-json\/wp\/v2\/pages\/1214","targetHints":{"allow":["GET"]}}],"collection":[{"href":"https:\/\/stage.lasik-germany.de\/en\/wp-json\/wp\/v2\/pages"}],"about":[{"href":"https:\/\/stage.lasik-germany.de\/en\/wp-json\/wp\/v2\/types\/page"}],"author":[{"embeddable":true,"href":"https:\/\/stage.lasik-germany.de\/en\/wp-json\/wp\/v2\/users\/6"}],"replies":[{"embeddable":true,"href":"https:\/\/stage.lasik-germany.de\/en\/wp-json\/wp\/v2\/comments?post=1214"}],"version-history":[{"count":2,"href":"https:\/\/stage.lasik-germany.de\/en\/wp-json\/wp\/v2\/pages\/1214\/revisions"}],"predecessor-version":[{"id":14892,"href":"https:\/\/stage.lasik-germany.de\/en\/wp-json\/wp\/v2\/pages\/1214\/revisions\/14892"}],"wp:attachment":[{"href":"https:\/\/stage.lasik-germany.de\/en\/wp-json\/wp\/v2\/media?parent=1214"}],"curies":[{"name":"wp","href":"https:\/\/api.w.org\/{rel}","templated":true}]}}